{"id":337,"date":"2025-06-06T14:28:30","date_gmt":"2025-06-06T12:28:30","guid":{"rendered":"https:\/\/loracier.com\/?page_id=337"},"modified":"2025-06-10T10:48:00","modified_gmt":"2025-06-10T08:48:00","slug":"livraison","status":"publish","type":"page","link":"https:\/\/loracier.com\/index.php\/livraison\/","title":{"rendered":"Livraison"},"content":{"rendered":"\n<h3 class=\"wp-block-heading\"><strong>Loracier vous livre partout, en toute confiance et en toute simplicit\u00e9 !<\/strong><\/h3>\n\n\n\n<p>Chez <strong>Loracier<\/strong>, nous savons que la logistique est un maillon essentiel de votre chantier. C\u2019est pourquoi nous mettons \u00e0 votre disposition un r\u00e9seau de partenaires fiables et exp\u00e9riment\u00e9s pour vous livrer directement sur site, o\u00f9 que vous soyez.<\/p>\n\n\n\n<p>Gr\u00e2ce \u00e0 nos collaborations avec des transporteurs de confiance , nous assurons la livraison rapide et s\u00e9curis\u00e9e de vos <strong>Bac Aciers, panneaux sandwich, accessoires de finitions et fixations.<\/strong><\/p>\n\n\n\n<p>\ud83d\udce6 <strong>Nous livrons dans toutes les r\u00e9gions de France, mais \u00e9galement au Luxembourg, en Belgique, en Suisse et en Allemagne :<\/strong><br>Auvergne-Rh\u00f4ne-Alpes, Bourgogne-Franche-Comt\u00e9, Bretagne, Centre-Val de Loire, Grand Est, Hauts-de-France, \u00cele-de-France, Normandie, Nouvelle-Aquitaine, Occitanie, Pays de la Loire, Provence-Alpes-C\u00f4te d\u2019Azur\u2026<\/p>\n\n\n\n<h3 class=\"wp-block-heading\">Besoin d\u2019une solution sur mesure ou d\u2019un simple renseignement ?<\/h3>\n\n\n\n<p>Notre \u00e9quipe est \u00e0 votre \u00e9coute ! Contactez-nous via le formulaire ci-dessous, nous vous r\u00e9pondrons rapidement.<\/p>\n\n\n\n<p><\/p>\n\n\n<style>.wp-block-kadence-advancedbtn.kb-btns337_ad3ec9-35{gap:var(--global-kb-gap-xs, 0.5rem );justify-content:center;align-items:center;}.kt-btns337_ad3ec9-35 .kt-button{font-weight:normal;font-style:normal;}<\/style>\n<div class=\"wp-block-kadence-advancedbtn kb-buttons-wrap kb-btns337_ad3ec9-35\"><style>ul.menu .wp-block-kadence-advancedbtn .kb-btn337_407c60-15.kb-button{width:initial;}.wp-block-kadence-advancedbtn .kb-btn337_407c60-15.kb-button{color:#f9fafd;background:#3777cf;border-top-left-radius:20px;border-top-right-radius:20px;border-bottom-right-radius:20px;border-bottom-left-radius:20px;padding-right:var(--global-kb-spacing-md, 2rem);padding-left:var(--global-kb-spacing-md, 2rem);}.wp-block-kadence-advancedbtn .kb-btn337_407c60-15.kb-button:hover, .wp-block-kadence-advancedbtn .kb-btn337_407c60-15.kb-button:focus{color:#101010;background:#3777cf;}<\/style><a class=\"kb-button kt-button button kb-btn337_407c60-15 kt-btn-size-standard kt-btn-width-type-auto kb-btn-global-fill  kt-btn-has-text-true kt-btn-has-svg-false  wp-block-kadence-singlebtn\" href=\"https:\/\/loracier.com\/index.php\/devis\/\"><span class=\"kt-btn-inner-text\">Devis<\/span><\/a><\/div>\n\n\n\n<p><\/p>\n\n\n\n<p style=\"font-size:7px\">Abbeville, Aix-en-Provence, Albertville, Al\u00e8s, Altkirch, Ambert, Amiens, Annecy, Antony, Apt, Arcachon, Argel\u00e8s-Gazost, Argentan, Argenteuil, Arles, Arras, Aubusson, Aurillac, Autun, Auxerre, Avallon, Avesnes-sur-Helpe, Avignon, Avranches, Bagn\u00e8res-de-Bigorre, bar le duc, Barcelonnette, Bar-sur-Aube, Bayeux, Bayonne, Beaune, beauvais, Belfort, Bellac, Belley, Bergerac, Bernay, Besan\u00e7on, B\u00e9thune, B\u00e9ziers, Blaye, Bleu, Blois, Bonneville, Boulogne-Billancourt, Boulogne-sur-Mer, Bourg-en-Bresse, bourges, Bressuire, Brest, Brian\u00e7on, Brignoles, Brioude, Brive-la-Gaillarde, Calais, Calvi, Cambrai, Carpentras, Castellane, Castelsarrasin, Castres, C\u00e9ret, Ch\u00e2lons-en-Champagne, Chalon-sur-Sa\u00f4ne, Chamb\u00e9ry, Charleville-M\u00e9zi\u00e8res, Charolles, chartres, Ch\u00e2teaubriant, Ch\u00e2teau-Chinon(Ville), Ch\u00e2teaudun, Ch\u00e2teau-Gontier-sur-Mayenne, Ch\u00e2teaulin, Ch\u00e2teauroux, Ch\u00e2teau-Thierry, Ch\u00e2tellerault, Chaumont, Cherbourg-en-Cotentin, Chinon, Cholet, Clamecy, Clermont, Clermont-Ferrand, Cognac, Colmar, Commercy, Compi\u00e8gne, Condom, Confolens, Corte, Cosne-Cours-sur-Loire, Coutances, Dax, Die, Dieppe, digne les bains, Dijon, Dinan, Dole, Douai, Draguignan, Dreux, Dunkerque, \u00c9pernay, Epinal, \u00c9tampes, Figeac, Florac, Fontainebleau, Fontenay-le-Comte, Forbach, Forcalquier, Foug\u00e8res, gap, Gex, Gourdon, Grasse, Grenoble, Guingamp, Haguenau, Issoire, Issoudun, Istres, Jonzac, L\u2019Ha\u00ff-les-Roses, La Ch\u00e2tre, Lafl\u00e8che, Langon, Langres, Lannion, Laon, Largenti\u00e8re, La Tour-du-Pin, Leblanc, Le Havre, Lens, Le Raincy, Les Andelys, Lesparre-M\u00e9doc, Les Sables-d\u2019Olonne, Le Vigan, Libourne, Lille, Limoux, Lisieux, Loches, Lod\u00e8ve, Lons le saunier, Lorient, Louhans, Lun\u00e9ville, Lure, Lyon, Macon, Mamers, Mantes-la-Jolie, Marmande, Marseille, Mauriac, Mayenne, Meaux, Metz, Millau, Mirande, Molsheim, Montargis, Montbard, Montb\u00e9liard, Montbrison, Montdidier, Montlu\u00e7on, Montmorillon, Montreuil-sur-Mer, Morlaix, Mortagne-au-Perche, moulins, Mulhouse, Muret, Nancy, Nantua, Narbonne, N\u00e9rac, Villeneuve-sur-Lot, Neufch\u00e2teau, Nevers, Nice, Nogent-le-Rotrou, Nogent-sur-Marne, Nogent-sur-Seine, Nontron, Nyons, Oloron-Sainte-Marie, orl\u00e9ans, Palaiseau, Pamiers, Parthenay, P\u00e9ronne, Pithiviers, Pontarlier, Pontivy, Pontoise, Prades, Privas, Provins, Puy-en-Velay, quimper, Rambouillet, Redon, Reims, rennes, Rethel, Riom, Roanne, Rochechouart, Rochefort, Romorantin-Lanthenay, saint Brieuc, Saint-Amand-Montrond, Saint-Claude, Saint-Denis, Saint-Di\u00e9-des-Vosges, Saint-Dizier, Saintes, Saint-Etienne, Saint-Flour, Saint-Gaudens, Saint-Germain-en-Laye, Saint-Girons, Saint-Jean-d\u2019Ang\u00e9ly, Saint-Jean-de-Maurienne, Saint-Julien-en-Genevois, Saint-Malo, Saint-Nazaire, Saint-Omer, Saint-Quentin, Sarcelles, Sarlat-la-Can\u00e9da, Sarrebourg, Sarreguemines, Sart\u00e8ne, Saumur, Saverne, Sedan, Segr\u00e9-en-Anjou, S\u00e9lestat, Senlis, Sens, Soissons, Strasbourg, Thann, Thiers, Thionville, Thonon-les-Bains, Torcy, Toul, Toulon, Tournon-sur-Rh\u00f4ne, tours, Trois Rivi\u00e8res, Ussel, Val de Briey, valence, Valenciennes, vannes, Vend\u00f4me, Verdun, Vervins, Vesoul, Vichy, Vienne, Vierzon, Villefranche-de-Rouergue, Villefranche-sur-Sa\u00f4ne, Vire Normandie, Vitry-le-Fran\u00e7ois, Vouziers, Yssingeaux<\/p>\n\n\n\n<p><\/p>\n","protected":false},"excerpt":{"rendered":"<p>Loracier vous livre partout, en toute confiance et en toute simplicit\u00e9 ! Chez Loracier, nous savons que la logistique est un maillon essentiel de votre chantier. C\u2019est pourquoi nous mettons \u00e0 votre disposition un r\u00e9seau de partenaires fiables et exp\u00e9riment\u00e9s pour vous livrer directement sur site, o\u00f9 que vous soyez. Gr\u00e2ce \u00e0 nos collaborations avec &hellip; <\/p>\n<p class=\"link-more\"><a href=\"https:\/\/loracier.com\/index.php\/livraison\/\" class=\"more-link\">Lire la suite de<span class=\"screen-reader-text\">\u00ab\u00a0Livraison\u00a0\u00bb<\/span><\/a><\/p>\n","protected":false},"author":1,"featured_media":0,"parent":0,"menu_order":0,"comment_status":"closed","ping_status":"closed","template":"","meta":{"_kadence_starter_templates_imported_post":false,"footnotes":""},"class_list":["post-337","page","type-page","status-publish","hentry"],"jetpack_sharing_enabled":true,"_links":{"self":[{"href":"https:\/\/loracier.com\/index.php\/wp-json\/wp\/v2\/pages\/337","targetHints":{"allow":["GET"]}}],"collection":[{"href":"https:\/\/loracier.com\/index.php\/wp-json\/wp\/v2\/pages"}],"about":[{"href":"https:\/\/loracier.com\/index.php\/wp-json\/wp\/v2\/types\/page"}],"author":[{"embeddable":true,"href":"https:\/\/loracier.com\/index.php\/wp-json\/wp\/v2\/users\/1"}],"replies":[{"embeddable":true,"href":"https:\/\/loracier.com\/index.php\/wp-json\/wp\/v2\/comments?post=337"}],"version-history":[{"count":6,"href":"https:\/\/loracier.com\/index.php\/wp-json\/wp\/v2\/pages\/337\/revisions"}],"predecessor-version":[{"id":383,"href":"https:\/\/loracier.com\/index.php\/wp-json\/wp\/v2\/pages\/337\/revisions\/383"}],"wp:attachment":[{"href":"https:\/\/loracier.com\/index.php\/wp-json\/wp\/v2\/media?parent=337"}],"curies":[{"name":"wp","href":"https:\/\/api.w.org\/{rel}","templated":true}]}}