{"id":42,"date":"2024-08-28T21:36:25","date_gmt":"2024-08-28T19:36:25","guid":{"rendered":"https:\/\/loracier.com\/?page_id=42"},"modified":"2025-06-06T17:20:04","modified_gmt":"2025-06-06T15:20:04","slug":"nous-trouver","status":"publish","type":"page","link":"https:\/\/loracier.com\/index.php\/nous-trouver\/","title":{"rendered":"Nous trouver"},"content":{"rendered":"\n<h2 class=\"wp-block-heading\"><strong>Loracier <\/strong><\/h2>\n\n\n\n<p class=\"has-medium-font-size\"><strong>Une pr\u00e9sence nationale, un accompagnement local<\/strong><\/p>\n\n\n\n<p>Chez <strong>Loracier<\/strong>, nous sommes fiers d\u2019accompagner nos clients <strong>partout en France<\/strong> gr\u00e2ce \u00e0 un r\u00e9seau logistique structur\u00e9, des partenaires de confiance et une \u00e9quipe commerciale \u00e0 l\u2019\u00e9coute.<br>Que vous soyez artisan, distributeur, professionnel du b\u00e2timent ou particulier, nous vous livrons <strong>rapidement sur chantier<\/strong>, o\u00f9 que vous soyez.<\/p>\n\n\n\n<h3 class=\"wp-block-heading\"> <strong>Livraison nationale, r\u00e9activit\u00e9 garantie<\/strong><\/h3>\n\n\n\n<p>Gr\u00e2ce \u00e0 nos plateformes logistiques et \u00e0 nos transporteurs sp\u00e9cialis\u00e9s, nous livrons nos produits (panneaux sandwichs, t\u00f4les bac acier, accessoires\u2026) dans toutes les r\u00e9gions de France m\u00e9tropolitaine  :<\/p>\n\n\n\n<ul class=\"wp-block-list\">\n<li><strong>Auvergne-Rh\u00f4ne-Alpes<\/strong><\/li>\n\n\n\n<li><strong>Bretagne, Normandie, Pays de la Loire<\/strong><\/li>\n\n\n\n<li><strong>\u00cele-de-France, Hauts-de-France<\/strong><\/li>\n\n\n\n<li><strong>Grand Est, Bourgogne-Franche-Comt\u00e9<\/strong><\/li>\n\n\n\n<li><strong>Nouvelle-Aquitaine, Occitanie, PACA<\/strong><\/li>\n\n\n\n<li><strong>Luxembourg, Belgique, Allemagne, Suisse<\/strong><\/li>\n<\/ul>\n\n\n\n<p>Livraison directe sur chantier<br>D\u00e9lai court et tra\u00e7abilit\u00e9<\/p>\n\n\n\n<p><\/p>\n\n\n<style>.kb-row-layout-id42_b75410-f9 > .kt-row-column-wrap{align-content:start;}:where(.kb-row-layout-id42_b75410-f9 > .kt-row-column-wrap) > .wp-block-kadence-column{justify-content:start;}.kb-row-layout-id42_b75410-f9 > .kt-row-column-wrap{column-gap:var(--global-kb-gap-md, 2rem);row-gap:var(--global-kb-gap-md, 2rem);padding-top:var(--global-kb-spacing-sm, 1.5rem);padding-bottom:var(--global-kb-spacing-sm, 1.5rem);grid-template-columns:repeat(2, minmax(0, 1fr));}.kb-row-layout-id42_b75410-f9 > .kt-row-layout-overlay{opacity:0.30;}@media all and (max-width: 1024px){.kb-row-layout-id42_b75410-f9 > .kt-row-column-wrap{grid-template-columns:repeat(2, minmax(0, 1fr));}}@media all and (max-width: 767px){.kb-row-layout-id42_b75410-f9 > .kt-row-column-wrap{grid-template-columns:minmax(0, 1fr);}}<\/style><div class=\"kb-row-layout-wrap kb-row-layout-id42_b75410-f9 alignnone wp-block-kadence-rowlayout\"><div class=\"kt-row-column-wrap kt-has-2-columns kt-row-layout-equal kt-tab-layout-inherit kt-mobile-layout-row kt-row-valign-top\">\n<style>.kadence-column42_fc6209-26 > .kt-inside-inner-col,.kadence-column42_fc6209-26 > .kt-inside-inner-col:before{border-top-left-radius:0px;border-top-right-radius:0px;border-bottom-right-radius:0px;border-bottom-left-radius:0px;}.kadence-column42_fc6209-26 > .kt-inside-inner-col{column-gap:var(--global-kb-gap-sm, 1rem);}.kadence-column42_fc6209-26 > .kt-inside-inner-col{flex-direction:column;}.kadence-column42_fc6209-26 > .kt-inside-inner-col > .aligncenter{width:100%;}.kadence-column42_fc6209-26 > .kt-inside-inner-col:before{opacity:0.3;}.kadence-column42_fc6209-26{position:relative;}@media all and (max-width: 1024px){.kadence-column42_fc6209-26 > .kt-inside-inner-col{flex-direction:column;justify-content:center;}}@media all and (max-width: 767px){.kadence-column42_fc6209-26 > .kt-inside-inner-col{flex-direction:column;justify-content:center;}}<\/style>\n<div class=\"wp-block-kadence-column kadence-column42_fc6209-26\"><div class=\"kt-inside-inner-col\">\n<p><strong>Notre showroom de Nancy \u2014 Venez voir, toucher, comparer<\/strong><\/p>\n\n\n\n<p>Pour aller plus loin dans l\u2019exp\u00e9rience client, <strong>Loracier vous accueille dans son showroom situ\u00e9 \u00e0 Nancy<\/strong>, au c\u0153ur du Grand Est.<\/p>\n\n\n\n<h3 class=\"wp-block-heading\">Pourquoi visiter notre showroom ?<\/h3>\n\n\n\n<ul class=\"wp-block-list\">\n<li>D\u00e9couvrez <strong>nos produits en situation r\u00e9elle<\/strong> : panneaux sandwichs, bacs acier, accessoires de finition, visserie, etc.<\/li>\n\n\n\n<li>Touchez les mat\u00e9riaux, comparez les <strong>\u00e9paisseurs<\/strong>, <strong>finis<\/strong>, <strong>coloris<\/strong> et <strong>profils<\/strong><\/li>\n\n\n\n<li>Profitez des conseils techniques et esth\u00e9tiques de nos \u00e9quipes sur place<\/li>\n\n\n\n<li>Repartez avec des \u00e9chantillons ou un devis imm\u00e9diat<\/li>\n<\/ul>\n\n\n\n<p>\ud83d\udccd <strong>Adresse du showroom<\/strong> : Rue des Baraques, 54250 Champigneulles<\/p>\n\n\n\n<p>\ud83d\udcc5 <strong>Ouvert <\/strong> du lundi au vendredi de 8h30 a 12h30 et de 14h00 \u00e0 18h00<\/p>\n\n\n\n<p><br>\ud83d\udcde Contactez-nous +33(0) 3 83 20 10 51<\/p>\n<\/div><\/div>\n\n\n<style>.kadence-column42_a00537-9b > .kt-inside-inner-col,.kadence-column42_a00537-9b > .kt-inside-inner-col:before{border-top-left-radius:0px;border-top-right-radius:0px;border-bottom-right-radius:0px;border-bottom-left-radius:0px;}.kadence-column42_a00537-9b > .kt-inside-inner-col{column-gap:var(--global-kb-gap-sm, 1rem);}.kadence-column42_a00537-9b > .kt-inside-inner-col{flex-direction:column;}.kadence-column42_a00537-9b > .kt-inside-inner-col > .aligncenter{width:100%;}.kadence-column42_a00537-9b > .kt-inside-inner-col:before{opacity:0.3;}.kadence-column42_a00537-9b{position:relative;}@media all and (max-width: 1024px){.kadence-column42_a00537-9b > .kt-inside-inner-col{flex-direction:column;justify-content:center;}}@media all and (max-width: 767px){.kadence-column42_a00537-9b > .kt-inside-inner-col{flex-direction:column;justify-content:center;}}<\/style>\n<div class=\"wp-block-kadence-column kadence-column42_a00537-9b\"><div class=\"kt-inside-inner-col\"><style>.kb-google-maps-container42_5c81c3-2a{height:547px;}<\/style><div class=\"kb-google-maps-container kb-google-maps-container42_5c81c3-2a  wp-block-kadence-googlemaps\" data-mapid=\"42_5c81c32a\"><iframe width=\"100%\" height=\"100%\"\n\t\t\t\t\t\t\tstyle=\"border:0\" loading=\"lazy\"\n\t\t\t\t\t\t\tsrc=\"https:\/\/www.google.com\/maps\/embed\/v1\/place?key=AIzaSyBAM2o7PiQqwk15LC1XRH2e_KJ-jUa7KYk&#038;zoom=7&#038;maptype=roadmap&#038;q=48%C2%B041%2740.5%22N+6%C2%B005%2756.2%22E\"\n\t\t\t\t\t\t\ttitle=\"Carte Google de 48\u00b041&#039;40.5&quot;N 6\u00b005&#039;56.2&quot;E\"><\/iframe><\/div><script>function kb_google_map42_5c81c32a() { let center = { lat: 37.8201, lng: -122.4781}; let map = new google.maps.Map(document.getElementById(\"kb-google-map42_5c81c32a\"), {\n\t\t\t\t\t    zoom: 7,\n\t\t\t\t\t    center: center,});let marker = new google.maps.Marker({   position: { lat: 37.8201, lng: -122.4781},    map: map,  });}<\/script><\/div><\/div>\n\n<\/div><\/div>\n\n\n<h2 class=\"wp-block-heading\"><strong>Notre showroom &amp; stock \u00e0 Nancy \u2014 Mat\u00e9riaux disponibles imm\u00e9diatement<\/strong><\/h2>\n\n\n\n<p>Nous vous accueillons dans notre <strong>showroom situ\u00e9 \u00e0 Nancy<\/strong>, au c\u0153ur du Grand Est. Un lieu pens\u00e9 pour les pros du b\u00e2timent, les artisans comme les particuliers exigeants.<\/p>\n\n\n\n<h3 class=\"wp-block-heading\"><strong>Sur place, vous trouverez :<\/strong><\/h3>\n\n\n\n<ul class=\"wp-block-list\">\n<li>Un <strong>stock permanent<\/strong> de :\n<ul class=\"wp-block-list\">\n<li><strong>Bacs acier de couverture<\/strong><\/li>\n\n\n\n<li><strong>Panneaux sandwichs isolants <\/strong><\/li>\n\n\n\n<li><strong>Accessoires de finition<\/strong> : rives, fa\u00eeti\u00e8res etc.<\/li>\n\n\n\n<li><strong>Fixations<\/strong> et visserie assortie<\/li>\n<\/ul>\n<\/li>\n\n\n\n<li> Un rayon d\u00e9di\u00e9 aux <strong>produits d\u00e9class\u00e9s<\/strong> :\n<ul class=\"wp-block-list\">\n<li>Fins de s\u00e9rie, chutes, produits avec d\u00e9fauts mineurs<\/li>\n\n\n\n<li>Id\u00e9al pour les petits budgets ou projets secondaires<\/li>\n\n\n\n<li>Disponibilit\u00e9 imm\u00e9diate et prix attractifs<\/li>\n<\/ul>\n<\/li>\n\n\n\n<li> Un accompagnement personnalis\u00e9 par nos conseillers techniques pour \u00e9tablir vos devis ou planifier vos livraisons<\/li>\n<\/ul>\n\n\n\n<h3 class=\"wp-block-heading\"> <strong>Loracier, partenaire proche de vous, partout en France<\/strong><\/h3>\n\n\n\n<p>Avec notre <strong>pr\u00e9sence nationale<\/strong> et notre <strong>ancrage local \u00e0 Nancy<\/strong>, nous conjuguons la <strong>puissance logistique d\u2019un r\u00e9seau national<\/strong> avec la <strong>proximit\u00e9 humaine d\u2019un expert local<\/strong>.<\/p>\n\n\n\n<p><strong>Contactez-nous<\/strong> d\u00e8s maintenant pour en savoir plus ou pr\u00e9parer votre visite dans notre showroom.<br><\/p>\n\n\n\n<div class=\"wp-block-columns is-layout-flex wp-container-core-columns-is-layout-28f84493 wp-block-columns-is-layout-flex\">\n<div class=\"wp-block-column is-layout-flow wp-block-column-is-layout-flow\" style=\"flex-basis:100%\"><\/div>\n<\/div>\n\n\n\n<p><\/p>\n","protected":false},"excerpt":{"rendered":"<p>Loracier Une pr\u00e9sence nationale, un accompagnement local Chez Loracier, nous sommes fiers d\u2019accompagner nos clients partout en France gr\u00e2ce \u00e0 un r\u00e9seau logistique structur\u00e9, des partenaires de confiance et une \u00e9quipe commerciale \u00e0 l\u2019\u00e9coute.Que vous soyez artisan, distributeur, professionnel du b\u00e2timent ou particulier, nous vous livrons rapidement sur chantier, o\u00f9 que vous soyez. Livraison nationale, &hellip; <\/p>\n<p class=\"link-more\"><a href=\"https:\/\/loracier.com\/index.php\/nous-trouver\/\" class=\"more-link\">Lire la suite de<span class=\"screen-reader-text\">\u00ab\u00a0Nous trouver\u00a0\u00bb<\/span><\/a><\/p>\n","protected":false},"author":1,"featured_media":0,"parent":0,"menu_order":0,"comment_status":"closed","ping_status":"closed","template":"","meta":{"_kadence_starter_templates_imported_post":false,"footnotes":""},"class_list":["post-42","page","type-page","status-publish","hentry"],"jetpack_sharing_enabled":true,"_links":{"self":[{"href":"https:\/\/loracier.com\/index.php\/wp-json\/wp\/v2\/pages\/42","targetHints":{"allow":["GET"]}}],"collection":[{"href":"https:\/\/loracier.com\/index.php\/wp-json\/wp\/v2\/pages"}],"about":[{"href":"https:\/\/loracier.com\/index.php\/wp-json\/wp\/v2\/types\/page"}],"author":[{"embeddable":true,"href":"https:\/\/loracier.com\/index.php\/wp-json\/wp\/v2\/users\/1"}],"replies":[{"embeddable":true,"href":"https:\/\/loracier.com\/index.php\/wp-json\/wp\/v2\/comments?post=42"}],"version-history":[{"count":7,"href":"https:\/\/loracier.com\/index.php\/wp-json\/wp\/v2\/pages\/42\/revisions"}],"predecessor-version":[{"id":364,"href":"https:\/\/loracier.com\/index.php\/wp-json\/wp\/v2\/pages\/42\/revisions\/364"}],"wp:attachment":[{"href":"https:\/\/loracier.com\/index.php\/wp-json\/wp\/v2\/media?parent=42"}],"curies":[{"name":"wp","href":"https:\/\/api.w.org\/{rel}","templated":true}]}}